{"id":1594,"date":"2020-06-12T16:00:54","date_gmt":"2020-06-12T14:00:54","guid":{"rendered":"https:\/\/www.ergotoggenburg.ch\/?page_id=1594"},"modified":"2025-10-07T11:44:56","modified_gmt":"2025-10-07T09:44:56","slug":"ergotherapie-2","status":"publish","type":"page","link":"https:\/\/www.ergotoggenburg.ch\/web\/index.php\/angebot-ergotherapie\/ergotherapie-2\/","title":{"rendered":"Ergotherapie"},"content":{"rendered":"\n<h3 class=\"wp-block-heading has-black-color has-text-color has-link-color wp-elements-1cf5e45efc6876fa1c78b44c397a8368\"><strong>Was ist Ergotherapie?<\/strong><\/h3>\n\n\n\n<p>Oberstes Ziel der ergotherapeutischen Behandlung ist die Verbesserung von Handlungsf\u00e4higkeit und Selbstst\u00e4ndigkeit im Alltag. Sie unterst\u00fctzt bei allt\u00e4glichen T\u00e4tigkeiten wie Essen, Anziehen oder Schreiben und f\u00f6rdert die Beweglichkeit und Koordination. Ergotherapie kann bei Verletzungen, Krankheiten oder Entwicklungsst\u00f6rungen eingesetzt werden. Ziel ist es, dass Klientinnen und Klienten ihren Alltag so selbstst\u00e4ndig und aktiv wie m\u00f6glich gestalten k\u00f6nnen.<\/p>\n\n\n\n<h3 class=\"wp-block-heading\"><strong>Wann ist Ergotherapie sinnvoll?<\/strong><\/h3>\n\n\n\n<p>Wenn Sie Probleme in der Alltagsbew\u00e4ltigung durch einen Unfall oder Erkrankung haben oder wenn Sie bei Ihrem Kind Auff\u00e4lligkeiten in der Entwicklung erkennen. Besprechen Sie das Thema mit Ihrem Arzt. Allenfalls kann eine Abkl\u00e4rung sinnvoll sein.<\/p>\n\n\n\n<h3 class=\"wp-block-heading\"><strong>Wo behandeln wir?<\/strong><\/h3>\n\n\n\n<p>Wir behandeln in unseren Praxen in Wattwil oder Degersheim, domizil bei Ihnen zu Hause oder in verschiedenen Heimen und Institutionen.<\/p>\n\n\n\n<h3 class=\"wp-block-heading\"><strong>Anmeldung f\u00fcr Ergotherapie<\/strong><\/h3>\n\n\n\n<p>Sie ben\u00f6tigen f\u00fcr Ergotherapie eine \u00e4rztliche Verordnung. Besprechen Sie die Situation mit Ihrem Arzt. Anschliessend vereinbahren wir mit Ihnen einen Termin. <br><a rel=\"noreferrer noopener\" href=\"https:\/\/www.ergotoggenburg.ch\/wp-content\/uploads\/2019\/07\/Verordnung.pdf\" target=\"_blank\">Verordnung Ergotherapie (allg.) PDF<\/a><br><a href=\"https:\/\/www.ergotoggenburg.ch\/web\/wp-admin\/upload.php?item=1204\">Verordnung Ergotherapie (Hand) PDF<\/a><\/p>\n\n\n\n<h3 class=\"wp-block-heading\"><strong>Finanzierung<\/strong><\/h3>\n\n\n\n<p>Die Ergotherapie wird von den Sozialversicherungen, Krankenkassen und Unfallversicherungen finanziert.<\/p>\n","protected":false},"excerpt":{"rendered":"<p>Was ist Ergotherapie? Oberstes Ziel der ergotherapeutischen Behandlung ist die Verbesserung von Handlungsf\u00e4higkeit und Selbstst\u00e4ndigkeit im Alltag. Sie unterst\u00fctzt bei allt\u00e4glichen T\u00e4tigkeiten wie Essen, Anziehen oder Schreiben und f\u00f6rdert die Beweglichkeit und Koordination. Ergotherapie kann bei Verletzungen, Krankheiten oder Entwicklungsst\u00f6rungen eingesetzt werden. Ziel ist es, dass Klientinnen und Klienten ihren Alltag so selbstst\u00e4ndig und aktiv &hellip; <\/p>\n<p class=\"link-more\"><a href=\"https:\/\/www.ergotoggenburg.ch\/web\/index.php\/angebot-ergotherapie\/ergotherapie-2\/\" class=\"more-link\"><span class=\"screen-reader-text\">\u201eErgotherapie\u201c<\/span> weiterlesen<\/a><\/p>\n","protected":false},"author":2,"featured_media":0,"parent":1425,"menu_order":6,"comment_status":"closed","ping_status":"closed","template":"","meta":{"_acf_changed":false,"footnotes":""},"class_list":["post-1594","page","type-page","status-publish","hentry"],"acf":[],"_links":{"self":[{"href":"https:\/\/www.ergotoggenburg.ch\/web\/index.php\/wp-json\/wp\/v2\/pages\/1594","targetHints":{"allow":["GET"]}}],"collection":[{"href":"https:\/\/www.ergotoggenburg.ch\/web\/index.php\/wp-json\/wp\/v2\/pages"}],"about":[{"href":"https:\/\/www.ergotoggenburg.ch\/web\/index.php\/wp-json\/wp\/v2\/types\/page"}],"author":[{"embeddable":true,"href":"https:\/\/www.ergotoggenburg.ch\/web\/index.php\/wp-json\/wp\/v2\/users\/2"}],"replies":[{"embeddable":true,"href":"https:\/\/www.ergotoggenburg.ch\/web\/index.php\/wp-json\/wp\/v2\/comments?post=1594"}],"version-history":[{"count":9,"href":"https:\/\/www.ergotoggenburg.ch\/web\/index.php\/wp-json\/wp\/v2\/pages\/1594\/revisions"}],"predecessor-version":[{"id":3154,"href":"https:\/\/www.ergotoggenburg.ch\/web\/index.php\/wp-json\/wp\/v2\/pages\/1594\/revisions\/3154"}],"up":[{"embeddable":true,"href":"https:\/\/www.ergotoggenburg.ch\/web\/index.php\/wp-json\/wp\/v2\/pages\/1425"}],"wp:attachment":[{"href":"https:\/\/www.ergotoggenburg.ch\/web\/index.php\/wp-json\/wp\/v2\/media?parent=1594"}],"curies":[{"name":"wp","href":"https:\/\/api.w.org\/{rel}","templated":true}]}}