{"id":1570,"date":"2020-06-12T14:59:26","date_gmt":"2020-06-12T12:59:26","guid":{"rendered":"https:\/\/www.ergotoggenburg.ch\/?page_id=1570"},"modified":"2025-10-07T11:44:08","modified_gmt":"2025-10-07T09:44:08","slug":"berufliche-reintegration-test","status":"publish","type":"page","link":"https:\/\/www.ergotoggenburg.ch\/web\/index.php\/angebot-ergotherapie\/berufliche-reintegration-test\/","title":{"rendered":"berufliche Integration"},"content":{"rendered":"\n<p>Die Ergotherapie begleitet Menschen bei der R\u00fcckkehr ins Arbeitsleben. Ein gezieltes Training der F\u00e4higkeiten und Ressourcen ist dabei zentral, um den Wiedereinstieg so selbstst\u00e4ndig und sicher wie m\u00f6glich zu gestalten.<\/p>\n\n\n\n<h3 class=\"wp-block-heading\"><strong>Diagnosen<\/strong><\/h3>\n\n\n\n<ul class=\"wp-block-list\">\n<li>gesamtes Spektrum von Erkrankungen und Verletzungen<\/li>\n\n\n\n<li>psychische Erkrankungen<\/li>\n\n\n\n<li>Entwicklungsst\u00f6rungen<\/li>\n<\/ul>\n\n\n\n<h3 class=\"wp-block-heading\"><strong>Unser Angebot<\/strong><\/h3>\n\n\n\n<p>Nach R\u00fccksprache mit den involvierten Beteiligten, planen wir gemeinsam die Ziele und die Handlungsschritte (Massnahmen) f\u00fcr eine R\u00fcckkehr an den Arbeitsplatz.<\/p>\n\n\n\n<ul class=\"wp-block-list\">\n<li>Ergotherapie am Arbeitsplatz<\/li>\n\n\n\n<li>Arbeitsplatzabkl\u00e4rung<\/li>\n\n\n\n<li>Trainieren der vorhandenen F\u00e4higkeiten und Ressourcen<\/li>\n\n\n\n<li>Koordination mittels Case Management (keine ergotherapeutische Leistung)<\/li>\n<\/ul>\n","protected":false},"excerpt":{"rendered":"<p>Die Ergotherapie begleitet Menschen bei der R\u00fcckkehr ins Arbeitsleben. Ein gezieltes Training der F\u00e4higkeiten und Ressourcen ist dabei zentral, um den Wiedereinstieg so selbstst\u00e4ndig und sicher wie m\u00f6glich zu gestalten. Diagnosen Unser Angebot Nach R\u00fccksprache mit den involvierten Beteiligten, planen wir gemeinsam die Ziele und die Handlungsschritte (Massnahmen) f\u00fcr eine R\u00fcckkehr an den Arbeitsplatz.<\/p>\n","protected":false},"author":2,"featured_media":0,"parent":1425,"menu_order":5,"comment_status":"closed","ping_status":"closed","template":"tmp_angebot.php","meta":{"_acf_changed":false,"footnotes":""},"class_list":["post-1570","page","type-page","status-publish","hentry"],"acf":[],"_links":{"self":[{"href":"https:\/\/www.ergotoggenburg.ch\/web\/index.php\/wp-json\/wp\/v2\/pages\/1570","targetHints":{"allow":["GET"]}}],"collection":[{"href":"https:\/\/www.ergotoggenburg.ch\/web\/index.php\/wp-json\/wp\/v2\/pages"}],"about":[{"href":"https:\/\/www.ergotoggenburg.ch\/web\/index.php\/wp-json\/wp\/v2\/types\/page"}],"author":[{"embeddable":true,"href":"https:\/\/www.ergotoggenburg.ch\/web\/index.php\/wp-json\/wp\/v2\/users\/2"}],"replies":[{"embeddable":true,"href":"https:\/\/www.ergotoggenburg.ch\/web\/index.php\/wp-json\/wp\/v2\/comments?post=1570"}],"version-history":[{"count":3,"href":"https:\/\/www.ergotoggenburg.ch\/web\/index.php\/wp-json\/wp\/v2\/pages\/1570\/revisions"}],"predecessor-version":[{"id":3152,"href":"https:\/\/www.ergotoggenburg.ch\/web\/index.php\/wp-json\/wp\/v2\/pages\/1570\/revisions\/3152"}],"up":[{"embeddable":true,"href":"https:\/\/www.ergotoggenburg.ch\/web\/index.php\/wp-json\/wp\/v2\/pages\/1425"}],"wp:attachment":[{"href":"https:\/\/www.ergotoggenburg.ch\/web\/index.php\/wp-json\/wp\/v2\/media?parent=1570"}],"curies":[{"name":"wp","href":"https:\/\/api.w.org\/{rel}","templated":true}]}}