{"id":1556,"date":"2020-06-12T14:48:45","date_gmt":"2020-06-12T12:48:45","guid":{"rendered":"https:\/\/www.ergotoggenburg.ch\/?page_id=1556"},"modified":"2025-10-07T11:43:35","modified_gmt":"2025-10-07T09:43:35","slug":"ergotherapie-in-der-paediatrie-2","status":"publish","type":"page","link":"https:\/\/www.ergotoggenburg.ch\/web\/index.php\/angebot-ergotherapie\/ergotherapie-in-der-paediatrie-2\/","title":{"rendered":"P\u00e4diatrie &#8211; Kinder und Jugendliche"},"content":{"rendered":"\n<div class=\"wp-block-group\"><div class=\"wp-block-group__inner-container is-layout-constrained wp-block-group-is-layout-constrained\">\n<div class=\"wp-block-group\"><div class=\"wp-block-group__inner-container is-layout-constrained wp-block-group-is-layout-constrained\">\n<figure class=\"wp-block-image size-large is-resized\"><img loading=\"lazy\" decoding=\"async\" width=\"1024\" height=\"620\" src=\"https:\/\/www.ergotoggenburg.ch\/web\/wp-content\/uploads\/2025\/09\/Paediatrie-2-1024x620.jpg\" alt=\"\" class=\"wp-image-3075\" style=\"width:627px\" srcset=\"https:\/\/www.ergotoggenburg.ch\/web\/wp-content\/uploads\/2025\/09\/Paediatrie-2-1024x620.jpg 1024w, https:\/\/www.ergotoggenburg.ch\/web\/wp-content\/uploads\/2025\/09\/Paediatrie-2-300x182.jpg 300w, https:\/\/www.ergotoggenburg.ch\/web\/wp-content\/uploads\/2025\/09\/Paediatrie-2-768x465.jpg 768w, https:\/\/www.ergotoggenburg.ch\/web\/wp-content\/uploads\/2025\/09\/Paediatrie-2-1536x930.jpg 1536w, https:\/\/www.ergotoggenburg.ch\/web\/wp-content\/uploads\/2025\/09\/Paediatrie-2.jpg 1920w\" sizes=\"auto, (max-width: 767px) 89vw, (max-width: 1000px) 54vw, (max-width: 1071px) 543px, 580px\" \/><\/figure>\n<\/div><\/div>\n<\/div><\/div>\n\n\n\n<p>Ergotherapie unterst\u00fctzt Kinder und Jugendliche, die in ihrer Selbst\u00e4ndigkeit und Handlungsf\u00e4higkeit im Alltag eingeschr\u00e4nkt sind. Wir behandeln Kinder mit angeborener, entwicklungsbedingter oder erworbener Beeintr\u00e4chtigung.<\/p>\n\n\n\n<h3 class=\"wp-block-heading\"><strong>Diagnosen<\/strong><\/h3>\n\n\n\n<ul class=\"wp-block-list\">\n<li>Umschriebene Entwicklungsst\u00f6rung der motorischen Funktionen (F82)<\/li>\n\n\n\n<li>Verarbeitungs- und Wahrnehmungsst\u00f6rung<\/li>\n\n\n\n<li>ADS\/ ADHS\/ POS<\/li>\n\n\n\n<li>Autismus-Spektrum-St\u00f6rung<\/li>\n\n\n\n<li>Cerebrale Bewegungsst\u00f6rung<\/li>\n<\/ul>\n\n\n\n<h3 class=\"wp-block-heading\"><strong>Unser Angebot<\/strong><\/h3>\n\n\n\n<p>Nach einer differenzierten ergotherapeutischen Befunderhebung, unter anderem mit standardisierten Tests (z.B. BOT-2), werden gemeinsam mit dem Kind und dessen Bezugspersonen die individuellen Ziele erarbeitet und entsprechende Therapiemassnahmen eingeleitet. Je nach Bedarf werden Einzel- und\/oder Gruppentherapien angeboten. Eine gute Zusammenarbeit mit den \u00c4rzten, den Eltern und der Schule tr\u00e4gt wesentlich zum Therapieerfolg bei und ist unabdingbar.<\/p>\n\n\n\n<ul class=\"wp-block-list\">\n<li>Sensorische Integrationstherapie<\/li>\n\n\n\n<li>Bobath Konzept<\/li>\n\n\n\n<li>CO-OP<\/li>\n\n\n\n<li>Aufmerksamkeits- und Konzentrationstrainings<\/li>\n\n\n\n<li>Verhaltenstherapeutische Ans\u00e4tze<\/li>\n\n\n\n<li>Erm\u00f6glichen und Ein\u00fcben altersad\u00e4quater Alltagshandlungen wie das Anziehen, Essen, Velofahren, Schreiben, etc.<\/li>\n\n\n\n<li>F\u00f6rderung der Aufnahme und Verarbeitung von Sinnesinformationen \/ Wahrnehmung<\/li>\n\n\n\n<li>Verbesserung der Grob- und Feinmotorik<\/li>\n\n\n\n<li>Vermitteln handlungsst\u00fctzender Strategien wie die fokussierte Aufmerksamkeit, Planen und Kontrollieren<\/li>\n\n\n\n<li>F\u00f6rderung sozialer und emotionaler Kompetenzen<\/li>\n\n\n\n<li>Beratung und Unterst\u00fctzung des Umfelds, z.B. Eltern, Lehrer<\/li>\n<\/ul>\n\n\n\n<h3 class=\"wp-block-heading\">&nbsp;<\/h3>\n","protected":false},"excerpt":{"rendered":"<p>Ergotherapie unterst\u00fctzt Kinder und Jugendliche, die in ihrer Selbst\u00e4ndigkeit und Handlungsf\u00e4higkeit im Alltag eingeschr\u00e4nkt sind. Wir behandeln Kinder mit angeborener, entwicklungsbedingter oder erworbener Beeintr\u00e4chtigung. Diagnosen Unser Angebot Nach einer differenzierten ergotherapeutischen Befunderhebung, unter anderem mit standardisierten Tests (z.B. BOT-2), werden gemeinsam mit dem Kind und dessen Bezugspersonen die individuellen Ziele erarbeitet und entsprechende Therapiemassnahmen eingeleitet. &hellip; <\/p>\n<p class=\"link-more\"><a href=\"https:\/\/www.ergotoggenburg.ch\/web\/index.php\/angebot-ergotherapie\/ergotherapie-in-der-paediatrie-2\/\" class=\"more-link\"><span class=\"screen-reader-text\">\u201eP\u00e4diatrie &#8211; Kinder und Jugendliche\u201c<\/span> weiterlesen<\/a><\/p>\n","protected":false},"author":2,"featured_media":0,"parent":1425,"menu_order":3,"comment_status":"closed","ping_status":"closed","template":"tmp_angebot.php","meta":{"_acf_changed":false,"footnotes":""},"class_list":["post-1556","page","type-page","status-publish","hentry"],"acf":[],"_links":{"self":[{"href":"https:\/\/www.ergotoggenburg.ch\/web\/index.php\/wp-json\/wp\/v2\/pages\/1556","targetHints":{"allow":["GET"]}}],"collection":[{"href":"https:\/\/www.ergotoggenburg.ch\/web\/index.php\/wp-json\/wp\/v2\/pages"}],"about":[{"href":"https:\/\/www.ergotoggenburg.ch\/web\/index.php\/wp-json\/wp\/v2\/types\/page"}],"author":[{"embeddable":true,"href":"https:\/\/www.ergotoggenburg.ch\/web\/index.php\/wp-json\/wp\/v2\/users\/2"}],"replies":[{"embeddable":true,"href":"https:\/\/www.ergotoggenburg.ch\/web\/index.php\/wp-json\/wp\/v2\/comments?post=1556"}],"version-history":[{"count":11,"href":"https:\/\/www.ergotoggenburg.ch\/web\/index.php\/wp-json\/wp\/v2\/pages\/1556\/revisions"}],"predecessor-version":[{"id":3150,"href":"https:\/\/www.ergotoggenburg.ch\/web\/index.php\/wp-json\/wp\/v2\/pages\/1556\/revisions\/3150"}],"up":[{"embeddable":true,"href":"https:\/\/www.ergotoggenburg.ch\/web\/index.php\/wp-json\/wp\/v2\/pages\/1425"}],"wp:attachment":[{"href":"https:\/\/www.ergotoggenburg.ch\/web\/index.php\/wp-json\/wp\/v2\/media?parent=1556"}],"curies":[{"name":"wp","href":"https:\/\/api.w.org\/{rel}","templated":true}]}}