{"id":1504,"date":"2020-06-09T09:02:10","date_gmt":"2020-06-09T07:02:10","guid":{"rendered":"https:\/\/www.ergotoggenburg.ch\/?page_id=1504"},"modified":"2025-10-07T13:02:31","modified_gmt":"2025-10-07T11:02:31","slug":"neurologie-test","status":"publish","type":"page","link":"https:\/\/www.ergotoggenburg.ch\/web\/index.php\/angebot-ergotherapie\/neurologie-test\/","title":{"rendered":"Neurologie"},"content":{"rendered":"\n<figure class=\"wp-block-image size-large is-resized\"><img loading=\"lazy\" decoding=\"async\" width=\"1024\" height=\"683\" src=\"https:\/\/www.ergotoggenburg.ch\/web\/wp-content\/uploads\/2012\/08\/IMG_0376-1024x683.gif\" alt=\"\" class=\"wp-image-102\" style=\"width:627px\" srcset=\"https:\/\/www.ergotoggenburg.ch\/web\/wp-content\/uploads\/2012\/08\/IMG_0376-1024x683.gif 1024w, https:\/\/www.ergotoggenburg.ch\/web\/wp-content\/uploads\/2012\/08\/IMG_0376-300x200.gif 300w, https:\/\/www.ergotoggenburg.ch\/web\/wp-content\/uploads\/2012\/08\/IMG_0376-768x512.gif 768w, https:\/\/www.ergotoggenburg.ch\/web\/wp-content\/uploads\/2012\/08\/IMG_0376-1536x1024.gif 1536w, https:\/\/www.ergotoggenburg.ch\/web\/wp-content\/uploads\/2012\/08\/IMG_0376-2048x1365.gif 2048w\" sizes=\"auto, (max-width: 767px) 89vw, (max-width: 1000px) 54vw, (max-width: 1071px) 543px, 580px\" \/><\/figure>\n\n\n\n<p>Allt\u00e4gliche Verrichtungen sind nach einer Erkrankung oder Sch\u00e4digung des zentralen Nervensystems pl\u00f6tzlich unm\u00f6glich. Das Ziel ist die bestm\u00f6gliche Unabh\u00e4ngigkeit im Alltag und die Reintegration in das pers\u00f6nliche Umfeld zu erm\u00f6glichen. Nach einem Spitalaufenthalt oder einer Rehabilitation bieten wir eine ganzheitliche sensomotorische und kognitive Behandlung.<\/p>\n\n\n\n<h3 class=\"wp-block-heading\"><strong>Diagnosen<\/strong><\/h3>\n\n\n\n<ul class=\"wp-block-list\">\n<li>Schlaganfall, Sch\u00e4delhirntrauma<\/li>\n\n\n\n<li>Hirntumor oder -blutung<\/li>\n\n\n\n<li>MS, ALS<\/li>\n\n\n\n<li>Parkinson<\/li>\n\n\n\n<li>Weitere Neurodegenerative und Muskelkrankheiten<\/li>\n<\/ul>\n\n\n\n<h3 class=\"wp-block-heading\"><strong>Unser Angebot<\/strong><\/h3>\n\n\n\n<ul class=\"wp-block-list\">\n<li>Funktionelle Therapie<\/li>\n\n\n\n<li>Training der allt\u00e4glichen Verrichtungen<\/li>\n\n\n\n<li>Domizilbehandlungen, Hausabkl\u00e4rung, Instruktion von Angeh\u00f6rigen<\/li>\n\n\n\n<li>Erlernen von Ersatzstrategien<\/li>\n\n\n\n<li>Hirnleistungstraining<\/li>\n\n\n\n<li>Spiegeltherapie<\/li>\n\n\n\n<li>Hilfsmittelabkl\u00e4rung <\/li>\n\n\n\n<li>Bobath<\/li>\n\n\n\n<li>Neurotraining nach V. Schweizer<\/li>\n\n\n\n<li>LSVT BIG (M. Parkinson)<\/li>\n\n\n\n<li>IOT<\/li>\n<\/ul>\n","protected":false},"excerpt":{"rendered":"<p>Allt\u00e4gliche Verrichtungen sind nach einer Erkrankung oder Sch\u00e4digung des zentralen Nervensystems pl\u00f6tzlich unm\u00f6glich. Das Ziel ist die bestm\u00f6gliche Unabh\u00e4ngigkeit im Alltag und die Reintegration in das pers\u00f6nliche Umfeld zu erm\u00f6glichen. Nach einem Spitalaufenthalt oder einer Rehabilitation bieten wir eine ganzheitliche sensomotorische und kognitive Behandlung. Diagnosen Unser Angebot<\/p>\n","protected":false},"author":2,"featured_media":0,"parent":1425,"menu_order":2,"comment_status":"closed","ping_status":"closed","template":"tmp_angebot.php","meta":{"_acf_changed":false,"footnotes":""},"class_list":["post-1504","page","type-page","status-publish","hentry"],"acf":[],"_links":{"self":[{"href":"https:\/\/www.ergotoggenburg.ch\/web\/index.php\/wp-json\/wp\/v2\/pages\/1504","targetHints":{"allow":["GET"]}}],"collection":[{"href":"https:\/\/www.ergotoggenburg.ch\/web\/index.php\/wp-json\/wp\/v2\/pages"}],"about":[{"href":"https:\/\/www.ergotoggenburg.ch\/web\/index.php\/wp-json\/wp\/v2\/types\/page"}],"author":[{"embeddable":true,"href":"https:\/\/www.ergotoggenburg.ch\/web\/index.php\/wp-json\/wp\/v2\/users\/2"}],"replies":[{"embeddable":true,"href":"https:\/\/www.ergotoggenburg.ch\/web\/index.php\/wp-json\/wp\/v2\/comments?post=1504"}],"version-history":[{"count":7,"href":"https:\/\/www.ergotoggenburg.ch\/web\/index.php\/wp-json\/wp\/v2\/pages\/1504\/revisions"}],"predecessor-version":[{"id":3162,"href":"https:\/\/www.ergotoggenburg.ch\/web\/index.php\/wp-json\/wp\/v2\/pages\/1504\/revisions\/3162"}],"up":[{"embeddable":true,"href":"https:\/\/www.ergotoggenburg.ch\/web\/index.php\/wp-json\/wp\/v2\/pages\/1425"}],"wp:attachment":[{"href":"https:\/\/www.ergotoggenburg.ch\/web\/index.php\/wp-json\/wp\/v2\/media?parent=1504"}],"curies":[{"name":"wp","href":"https:\/\/api.w.org\/{rel}","templated":true}]}}