{"id":15,"date":"2012-08-20T22:05:55","date_gmt":"2012-08-20T20:05:55","guid":{"rendered":"http:\/\/ergotoggenburg.ch\/?page_id=15"},"modified":"2025-10-02T16:16:47","modified_gmt":"2025-10-02T14:16:47","slug":"verein","status":"publish","type":"page","link":"https:\/\/www.ergotoggenburg.ch\/web\/index.php\/uber-uns\/verein\/","title":{"rendered":"Verein und Vorstand"},"content":{"rendered":"\n<figure class=\"wp-block-image size-medium is-resized\"><img loading=\"lazy\" decoding=\"async\" width=\"300\" height=\"109\" src=\"https:\/\/www.ergotoggenburg.ch\/web\/wp-content\/uploads\/2023\/03\/ergo_logo_blau-300x109.png\" alt=\"\" class=\"wp-image-2342\" style=\"width:396px;height:auto\" srcset=\"https:\/\/www.ergotoggenburg.ch\/web\/wp-content\/uploads\/2023\/03\/ergo_logo_blau-300x109.png 300w, https:\/\/www.ergotoggenburg.ch\/web\/wp-content\/uploads\/2023\/03\/ergo_logo_blau-1024x373.png 1024w, https:\/\/www.ergotoggenburg.ch\/web\/wp-content\/uploads\/2023\/03\/ergo_logo_blau-768x280.png 768w, https:\/\/www.ergotoggenburg.ch\/web\/wp-content\/uploads\/2023\/03\/ergo_logo_blau-1536x560.png 1536w, https:\/\/www.ergotoggenburg.ch\/web\/wp-content\/uploads\/2023\/03\/ergo_logo_blau-2048x747.png 2048w\" sizes=\"auto, (max-width: 300px) 100vw, 300px\" \/><\/figure>\n\n\n\n<p><\/p>\n\n\n\n<p>Die Beratungsstelle f\u00fcr cerebrale Bewegungsst\u00f6rung wurde 1967 auf Initiative von Dr. R. Fischer, damals Chefarzt des Spitals Wattwil und Dr. W. K\u00fcrsteiner, damals Kinderarzt in Wattwil, ins Leben gerufen.<\/p>\n\n\n\n<p>Bis 1992 lag die Tr\u00e4gerschaft beim Rotary-Club Toggenburg. Dann wurde, unter der F\u00fchrung von Rico Fust, der Tr\u00e4gerverein Beratungs- und Therapiestelle f\u00fcr Kinder mit Bewegungsst\u00f6rungen gegr\u00fcndet. Die \u00e4rztliche Leitung wurde durch Dr. med. M. Weissert, Chefarzt der Neurop\u00e4diatrie des Kinderspital St.Gallen, gew\u00e4hrleistet. Mit der Hauptversammlung 1997 ging die Pr\u00e4sidentschaft an Thomas Gassler \u00fcber.<\/p>\n\n\n\n<p>1999 wurde der Kinderarzt Dr. med. Josef Damann \u00e4rztlicher Leiter der BTK. An der Hauptversammlung 2004 wurde Rolf Huber als neuer Pr\u00e4sident gew\u00e4hlt und zugleich der Vorstand auf 5 Mitglieder reduziert. Seit 1. Januar 2013 heissen wir neu ERGO Toggenburg. Von Fr\u00fchling 2009 bis Fr\u00fchling 2019 war Patrick Zollinger Pr\u00e4sident der ERGO Toggenburg. Seit Mitte 2020 ist Heiri Luder Pr\u00e4sident.<\/p>\n\n\n\n<p>Die therapeutische Arbeit wurde in den ersten drei Jahren von einer Physiotherapeutin in einem Raum des Spitals durchgef\u00fchrt. Aus Platzmangel wurde dann im Mai 1971 eine Wohnung in Wattwil bezogen. Die erste Ergotherapeutin wurde dort im Oktober 1973 angestellt. 20 Jahre nach Er\u00f6ffnung der Stelle, am 1. Januar 1987, konnten die jetzigen R\u00e4umlichkeiten&nbsp;bezogen werden.<\/p>\n\n\n\n<p>ERGO Toggenburg betreut heute Kinder vom S\u00e4uglings- bis zum Jugendalter mit unterschiedlichen Entwicklungsauff\u00e4lligkeiten, sowie Erwachsene mit diversen Krankheitsbildern. Das Haupteinzugsgebiet der zu behandelnden Klienten ist im Toggenburg (Ostschweiz) und liegt zwischen Wildhaus und Bazenheid inklusiv Neckertal und dem Rickengebiet.<\/p>\n\n\n\n<p>Von 2007 bis 2020 arbeitete die ERGO Toggenburg mit dem Spital Wattwil zusammen. Seit November 2015 f\u00fchrt ERGO Toggenburg eine eigenst\u00e4ndige Zweigstelle in Degersheim.<\/p>\n\n\n\n<p>Die ERGO Toggenburg wir von einer Gesch\u00e4ftsleitung gef\u00fchrt und im administrativen Bereich arbeitet eine Buchhalterin mit. Das Therapeuten\/-innenteam besteht aus 10 Ergotherapeuten\/innen. Zwei Raumpflegerinnen halten die Praxisr\u00e4umlichkeiten in Wattwil und Degersheim sauber.<\/p>\n\n\n\n<h3 class=\"wp-block-heading\"><strong>Vorstand<\/strong><\/h3>\n\n\n\n<figure class=\"wp-block-table\"><table><tbody><tr><td>&nbsp;<\/td><td>&nbsp;<\/td><td>&nbsp;<\/td><td>&nbsp;<\/td><td>&nbsp;<\/td><\/tr><tr><td>Pr\u00e4sident:<\/td><td>&nbsp;<\/td><td>&nbsp;<\/td><td>&nbsp;<\/td><td>Judith Schiess<\/td><\/tr><tr><td>Vizepr\u00e4sident:<\/td><td>&nbsp;<\/td><td>&nbsp;<\/td><td>&nbsp;<\/td><td>Reinhard Umber<\/td><\/tr><tr><td>Finanzen:<\/td><td>&nbsp;<\/td><td>&nbsp;<\/td><td>&nbsp;<\/td><td>Ren\u00e9 Buri<\/td><\/tr><tr><td>Personelles:<\/td><td>&nbsp;<\/td><td>&nbsp;<\/td><td>&nbsp;<\/td><td>vakant<\/td><\/tr><tr><td>&nbsp;<\/td><td>&nbsp;<\/td><td>&nbsp;<\/td><td>&nbsp;<\/td><td>&nbsp;<\/td><\/tr><tr><td>&nbsp;<\/td><td>&nbsp;<\/td><td>&nbsp;<\/td><td>&nbsp;<\/td><td>&nbsp;<\/td><\/tr><\/tbody><\/table><\/figure>\n\n\n\n<p><\/p>\n","protected":false},"excerpt":{"rendered":"<p>Die Beratungsstelle f\u00fcr cerebrale Bewegungsst\u00f6rung wurde 1967 auf Initiative von Dr. R. Fischer, damals Chefarzt des Spitals Wattwil und Dr. W. K\u00fcrsteiner, damals Kinderarzt in Wattwil, ins Leben gerufen. Bis 1992 lag die Tr\u00e4gerschaft beim Rotary-Club Toggenburg. Dann wurde, unter der F\u00fchrung von Rico Fust, der Tr\u00e4gerverein Beratungs- und Therapiestelle f\u00fcr Kinder mit Bewegungsst\u00f6rungen gegr\u00fcndet. &hellip; <\/p>\n<p class=\"link-more\"><a href=\"https:\/\/www.ergotoggenburg.ch\/web\/index.php\/uber-uns\/verein\/\" class=\"more-link\"><span class=\"screen-reader-text\">\u201eVerein und Vorstand\u201c<\/span> weiterlesen<\/a><\/p>\n","protected":false},"author":2,"featured_media":0,"parent":787,"menu_order":400,"comment_status":"closed","ping_status":"closed","template":"tmp_verein.php","meta":{"_acf_changed":false,"footnotes":""},"class_list":["post-15","page","type-page","status-publish","hentry"],"acf":[],"_links":{"self":[{"href":"https:\/\/www.ergotoggenburg.ch\/web\/index.php\/wp-json\/wp\/v2\/pages\/15","targetHints":{"allow":["GET"]}}],"collection":[{"href":"https:\/\/www.ergotoggenburg.ch\/web\/index.php\/wp-json\/wp\/v2\/pages"}],"about":[{"href":"https:\/\/www.ergotoggenburg.ch\/web\/index.php\/wp-json\/wp\/v2\/types\/page"}],"author":[{"embeddable":true,"href":"https:\/\/www.ergotoggenburg.ch\/web\/index.php\/wp-json\/wp\/v2\/users\/2"}],"replies":[{"embeddable":true,"href":"https:\/\/www.ergotoggenburg.ch\/web\/index.php\/wp-json\/wp\/v2\/comments?post=15"}],"version-history":[{"count":12,"href":"https:\/\/www.ergotoggenburg.ch\/web\/index.php\/wp-json\/wp\/v2\/pages\/15\/revisions"}],"predecessor-version":[{"id":3107,"href":"https:\/\/www.ergotoggenburg.ch\/web\/index.php\/wp-json\/wp\/v2\/pages\/15\/revisions\/3107"}],"up":[{"embeddable":true,"href":"https:\/\/www.ergotoggenburg.ch\/web\/index.php\/wp-json\/wp\/v2\/pages\/787"}],"wp:attachment":[{"href":"https:\/\/www.ergotoggenburg.ch\/web\/index.php\/wp-json\/wp\/v2\/media?parent=15"}],"curies":[{"name":"wp","href":"https:\/\/api.w.org\/{rel}","templated":true}]}}