{"id":1425,"date":"2020-06-08T22:50:43","date_gmt":"2020-06-08T20:50:43","guid":{"rendered":"https:\/\/www.ergotoggenburg.ch\/?page_id=1425"},"modified":"2025-10-07T10:38:32","modified_gmt":"2025-10-07T08:38:32","slug":"angebot-ergotherapie","status":"publish","type":"page","link":"https:\/\/www.ergotoggenburg.ch\/web\/index.php\/angebot-ergotherapie\/","title":{"rendered":"Angebot"},"content":{"rendered":"\n<h2 class=\"wp-block-heading\">Herzlich Willkommen bei der Ergo Toggenburg!<\/h2>\n\n\n\n<p><\/p>\n\n\n\n<figure class=\"wp-block-image size-medium is-resized\"><img loading=\"lazy\" decoding=\"async\" width=\"300\" height=\"109\" src=\"https:\/\/www.ergotoggenburg.ch\/web\/wp-content\/uploads\/2023\/03\/ergo_logo_blau-300x109.png\" alt=\"\" class=\"wp-image-2342\" style=\"width:283px;height:auto\" srcset=\"https:\/\/www.ergotoggenburg.ch\/web\/wp-content\/uploads\/2023\/03\/ergo_logo_blau-300x109.png 300w, https:\/\/www.ergotoggenburg.ch\/web\/wp-content\/uploads\/2023\/03\/ergo_logo_blau-1024x373.png 1024w, https:\/\/www.ergotoggenburg.ch\/web\/wp-content\/uploads\/2023\/03\/ergo_logo_blau-768x280.png 768w, https:\/\/www.ergotoggenburg.ch\/web\/wp-content\/uploads\/2023\/03\/ergo_logo_blau-1536x560.png 1536w, https:\/\/www.ergotoggenburg.ch\/web\/wp-content\/uploads\/2023\/03\/ergo_logo_blau-2048x747.png 2048w\" sizes=\"auto, (max-width: 300px) 100vw, 300px\" \/><\/figure>\n\n\n\n<p>Ergotherapie f\u00fcr Kinder, Jugendliche und Erwachsene<\/p>\n\n\n\n<p>Wir behandeln unsere Klientinnen und Klienten ambulant, zu Hause oder in Institutionen. Unser Ziel ist es, die gr\u00f6sstm\u00f6gliche Selbst\u00e4ndigkeit und Lebensqualit\u00e4t im Alltag zu f\u00f6rdern , sei es bei Erkrankungen, nach Unf\u00e4llen oder bei entwicklungsbedingten Einschr\u00e4nkungen.<\/p>\n\n\n\n<hr class=\"wp-block-separator has-alpha-channel-opacity\"\/>\n\n\n\n<div class=\"wp-block-group\"><div class=\"wp-block-group__inner-container is-layout-constrained wp-block-group-is-layout-constrained\">\n<figure class=\"wp-block-table is-style-stripes\"><table><tbody><tr><td><a href=\"https:\/\/www.ergotoggenburg.ch\/web\/index.php\/angebot-ergotherapie\/obere-extremitaeten-und-hand-test\/\">Hand und obere Extremit\u00e4ten<\/a><\/td><\/tr><tr><td><a href=\"https:\/\/www.ergotoggenburg.ch\/web\/index.php\/angebot-ergotherapie\/neurologie-test\/\">Neurologie<\/a><\/td><\/tr><tr><td><a href=\"https:\/\/www.ergotoggenburg.ch\/web\/index.php\/angebot-ergotherapie\/ergotherapie-in-der-paediatrie-2\/\">P\u00e4diatrie &#8211; Kinder und Jugendliche<\/a><\/td><\/tr><tr><td><a href=\"https:\/\/www.ergotoggenburg.ch\/web\/index.php\/angebot-ergotherapie\/aeltere-menschen-test\/\">Geriatrie &#8211; \u00e4ltere Menschen<\/a><\/td><\/tr><tr><td><a href=\"https:\/\/www.ergotoggenburg.ch\/web\/index.php\/angebot-ergotherapie\/berufliche-reintegration-test\/\">berufliche Integration<\/a><\/td><\/tr><tr><td><a href=\"https:\/\/www.ergotoggenburg.ch\/web\/index.php\/angebot-ergotherapie\/hilsmittelabklaerung\/\">Hilfsmittelabkl\u00e4rung<\/a><\/td><\/tr><\/tbody><\/table><\/figure>\n<\/div><\/div>\n\n\n\n<p><\/p>\n\n\n\n<p><\/p>\n\n\n\n<p><\/p>\n","protected":false},"excerpt":{"rendered":"<p>Herzlich Willkommen bei der Ergo Toggenburg! Ergotherapie f\u00fcr Kinder, Jugendliche und Erwachsene Wir behandeln unsere Klientinnen und Klienten ambulant, zu Hause oder in Institutionen. Unser Ziel ist es, die gr\u00f6sstm\u00f6gliche Selbst\u00e4ndigkeit und Lebensqualit\u00e4t im Alltag zu f\u00f6rdern , sei es bei Erkrankungen, nach Unf\u00e4llen oder bei entwicklungsbedingten Einschr\u00e4nkungen. Hand und obere Extremit\u00e4ten Neurologie P\u00e4diatrie &#8211; &hellip; <\/p>\n<p class=\"link-more\"><a href=\"https:\/\/www.ergotoggenburg.ch\/web\/index.php\/angebot-ergotherapie\/\" class=\"more-link\"><span class=\"screen-reader-text\">\u201eAngebot\u201c<\/span> weiterlesen<\/a><\/p>\n","protected":false},"author":2,"featured_media":0,"parent":0,"menu_order":1,"comment_status":"closed","ping_status":"closed","template":"tmp_angebot.php","meta":{"_acf_changed":false,"footnotes":""},"class_list":["post-1425","page","type-page","status-publish","hentry"],"acf":[],"_links":{"self":[{"href":"https:\/\/www.ergotoggenburg.ch\/web\/index.php\/wp-json\/wp\/v2\/pages\/1425","targetHints":{"allow":["GET"]}}],"collection":[{"href":"https:\/\/www.ergotoggenburg.ch\/web\/index.php\/wp-json\/wp\/v2\/pages"}],"about":[{"href":"https:\/\/www.ergotoggenburg.ch\/web\/index.php\/wp-json\/wp\/v2\/types\/page"}],"author":[{"embeddable":true,"href":"https:\/\/www.ergotoggenburg.ch\/web\/index.php\/wp-json\/wp\/v2\/users\/2"}],"replies":[{"embeddable":true,"href":"https:\/\/www.ergotoggenburg.ch\/web\/index.php\/wp-json\/wp\/v2\/comments?post=1425"}],"version-history":[{"count":32,"href":"https:\/\/www.ergotoggenburg.ch\/web\/index.php\/wp-json\/wp\/v2\/pages\/1425\/revisions"}],"predecessor-version":[{"id":3112,"href":"https:\/\/www.ergotoggenburg.ch\/web\/index.php\/wp-json\/wp\/v2\/pages\/1425\/revisions\/3112"}],"wp:attachment":[{"href":"https:\/\/www.ergotoggenburg.ch\/web\/index.php\/wp-json\/wp\/v2\/media?parent=1425"}],"curies":[{"name":"wp","href":"https:\/\/api.w.org\/{rel}","templated":true}]}}